

{"id":1937,"date":"2025-08-13T09:53:19","date_gmt":"2025-08-13T09:53:19","guid":{"rendered":"https:\/\/completerehabplus.ro\/it\/?page_id=1937"},"modified":"2025-08-13T10:00:04","modified_gmt":"2025-08-13T10:00:04","slug":"test-poligrafo","status":"publish","type":"page","link":"https:\/\/completerehabplus.ro\/it\/test-poligrafo","title":{"rendered":"Test Poligrafo"},"content":{"rendered":"[vc_row type=&#8221;full_width_background&#8221; full_screen_row_position=&#8221;middle&#8221; column_margin=&#8221;default&#8221; column_direction=&#8221;default&#8221; column_direction_tablet=&#8221;default&#8221; column_direction_phone=&#8221;default&#8221; bg_color=&#8221;#f5f5f5&#8243; scene_position=&#8221;center&#8221; top_padding=&#8221;12%&#8221; text_color=&#8221;dark&#8221; text_align=&#8221;left&#8221; row_border_radius=&#8221;none&#8221; row_border_radius_applies=&#8221;bg&#8221; zindex=&#8221;20&#8243; overflow=&#8221;visible&#8221; enable_gradient=&#8221;true&#8221; color_overlay_2=&#8221;#6561b6&#8243; overlay_strength=&#8221;0.5&#8243; gradient_direction=&#8221;top_to_bottom&#8221; enable_shape_divider=&#8221;true&#8221; shape_divider_color=&#8221;#ffffff&#8221; shape_divider_position=&#8221;bottom&#8221; shape_divider_height=&#8221;20%&#8221; bg_image_animation=&#8221;none&#8221; video_mute=&#8221;true&#8221; shape_type=&#8221;curve&#8221; gradient_type=&#8221;default&#8221;][vc_column column_padding=&#8221;no-extra-padding&#8221; column_padding_tablet=&#8221;inherit&#8221; column_padding_phone=&#8221;inherit&#8221; column_padding_position=&#8221;all&#8221; column_element_direction_desktop=&#8221;default&#8221; column_element_spacing=&#8221;default&#8221; centered_text=&#8221;true&#8221; desktop_text_alignment=&#8221;default&#8221; tablet_text_alignment=&#8221;default&#8221; phone_text_alignment=&#8221;default&#8221; background_color_opacity=&#8221;1&#8243; background_hover_color_opacity=&#8221;1&#8243; column_backdrop_filter=&#8221;none&#8221; column_shadow=&#8221;none&#8221; column_border_radius=&#8221;none&#8221; column_link_target=&#8221;_self&#8221; column_position=&#8221;default&#8221; gradient_direction=&#8221;left_to_right&#8221; overlay_strength=&#8221;0.3&#8243; width=&#8221;1\/1&#8243; tablet_width_inherit=&#8221;default&#8221; animation_type=&#8221;default&#8221; bg_image_animation=&#8221;none&#8221; border_type=&#8221;advanced&#8221; column_border_style=&#8221;solid&#8221; column_padding_type=&#8221;default&#8221; gradient_type=&#8221;default&#8221;][vc_row_inner column_margin=&#8221;default&#8221; column_direction=&#8221;default&#8221; column_direction_tablet=&#8221;default&#8221; column_direction_phone=&#8221;default&#8221; left_padding_desktop=&#8221;13%&#8221; constrain_group_2=&#8221;yes&#8221; right_padding_desktop=&#8221;13%&#8221; left_padding_tablet=&#8221;0&#8243; right_padding_tablet=&#8221;0&#8243; text_align=&#8221;left&#8221; row_position=&#8221;default&#8221; row_position_tablet=&#8221;inherit&#8221; row_position_phone=&#8221;inherit&#8221; overflow=&#8221;visible&#8221; pointer_events=&#8221;all&#8221;][vc_column_inner column_padding=&#8221;no-extra-padding&#8221; column_padding_tablet=&#8221;inherit&#8221; column_padding_phone=&#8221;inherit&#8221; column_padding_position=&#8221;all&#8221; column_element_direction_desktop=&#8221;default&#8221; column_element_spacing=&#8221;default&#8221; desktop_text_alignment=&#8221;default&#8221; tablet_text_alignment=&#8221;default&#8221; phone_text_alignment=&#8221;default&#8221; background_color_opacity=&#8221;1&#8243; background_hover_color_opacity=&#8221;1&#8243; column_backdrop_filter=&#8221;none&#8221; column_shadow=&#8221;none&#8221; column_border_radius=&#8221;none&#8221; column_link_target=&#8221;_self&#8221; overflow=&#8221;visible&#8221; gradient_direction=&#8221;left_to_right&#8221; overlay_strength=&#8221;0.3&#8243; width=&#8221;1\/1&#8243; tablet_width_inherit=&#8221;default&#8221; animation_type=&#8221;default&#8221; enable_animation=&#8221;true&#8221; animation=&#8221;slight-twist&#8221; animation_easing=&#8221;default&#8221; bg_image_animation=&#8221;none&#8221; border_type=&#8221;simple&#8221; column_border_width=&#8221;none&#8221; column_border_style=&#8221;solid&#8221;][split_line_heading animation_type=&#8221;line-reveal-by-space&#8221; font_style=&#8221;h1&#8243; font_size_max=&#8221;108px&#8221; line_reveal_by_space_text_effect=&#8221;letter-reveal-bottom&#8221; stagger_animation=&#8221;true&#8221; content_alignment=&#8221;default&#8221; mobile_content_alignment=&#8221;inherit&#8221; link_target=&#8221;_self&#8221; text_content=&#8221;Test Poligrafo&#8221; text_direction=&#8221;default&#8221; font_size=&#8221;5vw&#8221; font_line_height=&#8221;1&#8243; font_size_tablet=&#8221;10vw&#8221; font_size_phone=&#8221;10vw&#8221;][\/split_line_heading][\/vc_column_inner][\/vc_row_inner][vc_row_inner column_margin=&#8221;default&#8221; column_direction=&#8221;default&#8221; column_direction_tablet=&#8221;default&#8221; column_direction_phone=&#8221;default&#8221; left_padding_desktop=&#8221;0&#8243; constrain_group_2=&#8221;yes&#8221; right_padding_desktop=&#8221;0&#8243; text_align=&#8221;left&#8221; row_position=&#8221;default&#8221; row_position_tablet=&#8221;inherit&#8221; row_position_phone=&#8221;inherit&#8221; overflow=&#8221;visible&#8221; pointer_events=&#8221;all&#8221;][vc_column_inner column_padding=&#8221;padding-6-percent&#8221; column_padding_tablet=&#8221;no-extra-padding&#8221; column_padding_phone=&#8221;no-extra-padding&#8221; column_padding_position=&#8221;left-right&#8221; column_element_direction_desktop=&#8221;default&#8221; column_element_spacing=&#8221;default&#8221; desktop_text_alignment=&#8221;default&#8221; tablet_text_alignment=&#8221;default&#8221; phone_text_alignment=&#8221;default&#8221; background_color_opacity=&#8221;1&#8243; background_hover_color_opacity=&#8221;1&#8243; column_backdrop_filter=&#8221;none&#8221; column_shadow=&#8221;none&#8221; column_border_radius=&#8221;none&#8221; column_link_target=&#8221;_self&#8221; overflow=&#8221;visible&#8221; gradient_direction=&#8221;left_to_right&#8221; overlay_strength=&#8221;0.3&#8243; width=&#8221;1\/1&#8243; tablet_width_inherit=&#8221;default&#8221; animation_type=&#8221;default&#8221; enable_animation=&#8221;true&#8221; animation=&#8221;slight-twist&#8221; animation_easing=&#8221;default&#8221; bg_image_animation=&#8221;none&#8221; border_type=&#8221;simple&#8221; column_border_width=&#8221;none&#8221; column_border_style=&#8221;solid&#8221;][nectar_responsive_text inherited_font_style=&#8221;default&#8221; font_size_min=&#8221;16px&#8221; font_size_max=&#8221;22px&#8221; text_color=&#8221;#111111&#8243; font_line_height=&#8221;1.4&#8243; text_direction=&#8221;default&#8221; max_width=&#8221;640px&#8221;]Il test del poligrafo \u00e8 un metodo di analisi psicofisiologica che misura le reazioni involontarie del corpo a domande specifiche per determinare la veridicit\u00e0 di una risposta.[\/nectar_responsive_text][\/vc_column_inner][\/vc_row_inner][vc_row_inner column_margin=&#8221;default&#8221; column_direction=&#8221;default&#8221; column_direction_tablet=&#8221;default&#8221; column_direction_phone=&#8221;default&#8221; top_padding=&#8221;5%&#8221; left_padding_desktop=&#8221;8%&#8221; constrain_group_2=&#8221;yes&#8221; right_padding_desktop=&#8221;8%&#8221; left_padding_tablet=&#8221;0&#8243; constrain_group_4=&#8221;yes&#8221; right_padding_tablet=&#8221;0&#8243; text_align=&#8221;left&#8221; row_position=&#8221;default&#8221; row_position_tablet=&#8221;inherit&#8221; row_position_phone=&#8221;inherit&#8221; overflow=&#8221;visible&#8221; pointer_events=&#8221;all&#8221;][vc_column_inner column_padding=&#8221;no-extra-padding&#8221; column_padding_tablet=&#8221;no-extra-padding&#8221; column_padding_phone=&#8221;inherit&#8221; column_padding_position=&#8221;all&#8221; column_element_direction_desktop=&#8221;default&#8221; column_element_spacing=&#8221;default&#8221; desktop_text_alignment=&#8221;default&#8221; tablet_text_alignment=&#8221;default&#8221; phone_text_alignment=&#8221;default&#8221; background_color_opacity=&#8221;1&#8243; background_hover_color_opacity=&#8221;1&#8243; column_backdrop_filter=&#8221;none&#8221; column_shadow=&#8221;none&#8221; column_border_radius=&#8221;none&#8221; column_link_target=&#8221;_self&#8221; overflow=&#8221;visible&#8221; gradient_direction=&#8221;left_to_right&#8221; overlay_strength=&#8221;0.3&#8243; width=&#8221;1\/1&#8243; tablet_width_inherit=&#8221;default&#8221; animation_type=&#8221;default&#8221; enable_animation=&#8221;true&#8221; animation=&#8221;fade-in-from-bottom&#8221; animation_easing=&#8221;default&#8221; bg_image_animation=&#8221;none&#8221; border_type=&#8221;simple&#8221; column_border_width=&#8221;none&#8221; column_border_style=&#8221;solid&#8221; delay=&#8221;200&#8243; column_padding_type=&#8221;default&#8221; gradient_type=&#8221;default&#8221;][image_with_animation image_url=&#8221;296&#8243; image_size=&#8221;portfolio-thumb_large&#8221; animation_type=&#8221;entrance&#8221; animation=&#8221;None&#8221; animation_movement_type=&#8221;transform_y&#8221; hover_animation=&#8221;none&#8221; alignment=&#8221;&#8221; border_radius=&#8221;custom&#8221; box_shadow=&#8221;medium_depth&#8221; top_left_border_radius=&#8221;6&#8243; top_right_border_radius=&#8221;6&#8243; bottom_right_border_radius=&#8221;6&#8243; bottom_left_border_radius=&#8221;6&#8243; image_loading=&#8221;lazy-load&#8221; max_width=&#8221;100%&#8221; max_width_mobile=&#8221;default&#8221;][\/vc_column_inner][\/vc_row_inner][\/vc_column][\/vc_row][vc_row type=&#8221;in_container&#8221; full_screen_row_position=&#8221;middle&#8221; column_margin=&#8221;default&#8221; column_direction=&#8221;default&#8221; column_direction_tablet=&#8221;default&#8221; column_direction_phone=&#8221;default&#8221; scene_position=&#8221;center&#8221; top_padding=&#8221;6%&#8221; bottom_padding=&#8221;0&#8243; top_padding_tablet=&#8221;14%&#8221; top_padding_phone=&#8221;16%&#8221; text_color=&#8221;dark&#8221; text_align=&#8221;left&#8221; row_border_radius=&#8221;none&#8221; row_border_radius_applies=&#8221;bg&#8221; overflow=&#8221;visible&#8221; overlay_strength=&#8221;0.3&#8243; gradient_direction=&#8221;left_to_right&#8221; shape_divider_position=&#8221;bottom&#8221; bg_image_animation=&#8221;none&#8221; gradient_type=&#8221;default&#8221; shape_type=&#8221;&#8221;][vc_column bottom_padding_desktop=&#8221;2%&#8221; right_padding_desktop=&#8221;6%&#8221; column_element_direction_desktop=&#8221;default&#8221; column_element_spacing=&#8221;default&#8221; desktop_text_alignment=&#8221;default&#8221; tablet_text_alignment=&#8221;default&#8221; phone_text_alignment=&#8221;default&#8221; background_color_opacity=&#8221;1&#8243; background_hover_color_opacity=&#8221;1&#8243; column_backdrop_filter=&#8221;none&#8221; font_color=&#8221;#111111&#8243; column_shadow=&#8221;none&#8221; column_border_radius=&#8221;none&#8221; column_link_target=&#8221;_self&#8221; column_position=&#8221;default&#8221; gradient_direction=&#8221;left_to_right&#8221; overlay_strength=&#8221;0.3&#8243; width=&#8221;1\/1&#8243; tablet_width_inherit=&#8221;default&#8221; animation_type=&#8221;default&#8221; bg_image_animation=&#8221;none&#8221; border_type=&#8221;simple&#8221; column_border_width=&#8221;none&#8221; column_border_style=&#8221;solid&#8221; column_padding_type=&#8221;advanced&#8221; gradient_type=&#8221;default&#8221;][vc_row_inner column_margin=&#8221;default&#8221; column_direction=&#8221;default&#8221; column_direction_tablet=&#8221;default&#8221; column_direction_phone=&#8221;default&#8221; text_align=&#8221;left&#8221; row_position=&#8221;default&#8221; row_position_tablet=&#8221;inherit&#8221; row_position_phone=&#8221;inherit&#8221; overflow=&#8221;visible&#8221; pointer_events=&#8221;all&#8221;][vc_column_inner bottom_padding_desktop=&#8221;8%&#8221; right_padding_desktop=&#8221;4%&#8221; bottom_padding_tablet=&#8221;8%&#8221; right_padding_tablet=&#8221;0%&#8221; bottom_padding_phone=&#8221;8%&#8221; right_padding_phone=&#8221;0%&#8221; column_element_direction_desktop=&#8221;default&#8221; column_element_spacing=&#8221;default&#8221; desktop_text_alignment=&#8221;default&#8221; tablet_text_alignment=&#8221;default&#8221; phone_text_alignment=&#8221;default&#8221; background_color_opacity=&#8221;1&#8243; background_hover_color_opacity=&#8221;1&#8243; column_backdrop_filter=&#8221;none&#8221; column_shadow=&#8221;none&#8221; column_border_radius=&#8221;none&#8221; column_link_target=&#8221;_self&#8221; overflow=&#8221;visible&#8221; gradient_direction=&#8221;left_to_right&#8221; overlay_strength=&#8221;0.3&#8243; width=&#8221;1\/2&#8243; tablet_width_inherit=&#8221;default&#8221; animation_type=&#8221;default&#8221; bg_image_animation=&#8221;none&#8221; border_type=&#8221;simple&#8221; column_border_width=&#8221;none&#8221; column_border_style=&#8221;solid&#8221; column_padding_type=&#8221;advanced&#8221; gradient_type=&#8221;default&#8221;][vc_column_text css=&#8221;&#8221; text_direction=&#8221;default&#8221;]\n<h3>Che cos&#8217;\u00e8 il poligrafo?<\/h3>\n[\/vc_column_text][vc_column_text css=&#8221;&#8221; text_direction=&#8221;default&#8221;]Il poligrafo \u00e8 un dispositivo specializzato utilizzato per registrare ed analizzare simultaneamente diversi parametri fisiologici quali:<\/p>\n<ul>\n<li><strong>pressione arteriosa;<\/strong><\/li>\n<li><strong>respirazione toracica e addominale;<\/strong><\/li>\n<li><strong>reazione elettro-dermica (conduttanza cutanea);<\/strong><\/li>\n<li><strong>micromovimenti neuromuscolari.<\/strong><\/li>\n<\/ul>\n<p>Questi dati vengono <strong>interpretati dello specialista<\/strong> e, in base all&#8217;evoluzione dei parametri fisiologici, \u00e8 possibile trarre una conclusione sulla <strong>sincerit\u00e0 o insincerit\u00e0<\/strong> della persona sottoposta al test.<\/p>\n<p>I risultati del test sono inclusi in una <strong>relazione tecnico-scientifica<\/strong>, che fornisce una <strong>valutazione oggettiva<\/strong> della veridicit\u00e0 delle risposte.<\/p>\n<p>La nostra clinica utilizza il <strong>poligrafo LX 5000<\/strong>, prodotto da <strong>Lafayette (USA)<\/strong>, lo stesso modello utilizzato nelle strutture di sicurezza nazionale statunitensi.[\/vc_column_text][\/vc_column_inner][vc_column_inner bottom_padding_desktop=&#8221;8%&#8221; left_padding_desktop=&#8221;8%&#8221; bottom_padding_tablet=&#8221;8%&#8221; left_padding_tablet=&#8221;0%&#8221; bottom_padding_phone=&#8221;8%&#8221; left_padding_phone=&#8221;0%&#8221; column_element_direction_desktop=&#8221;default&#8221; column_element_spacing=&#8221;default&#8221; desktop_text_alignment=&#8221;default&#8221; tablet_text_alignment=&#8221;default&#8221; phone_text_alignment=&#8221;default&#8221; background_color_opacity=&#8221;1&#8243; background_hover_color_opacity=&#8221;1&#8243; column_backdrop_filter=&#8221;none&#8221; column_shadow=&#8221;none&#8221; column_border_radius=&#8221;none&#8221; column_link_target=&#8221;_self&#8221; overflow=&#8221;visible&#8221; gradient_direction=&#8221;left_to_right&#8221; overlay_strength=&#8221;0.3&#8243; width=&#8221;1\/2&#8243; tablet_width_inherit=&#8221;default&#8221; animation_type=&#8221;default&#8221; bg_image_animation=&#8221;none&#8221; border_type=&#8221;simple&#8221; column_border_width=&#8221;none&#8221; column_border_style=&#8221;solid&#8221; column_padding_type=&#8221;advanced&#8221; gradient_type=&#8221;default&#8221;][vc_column_text css=&#8221;&#8221; text_direction=&#8221;default&#8221;]\n<h3>Come funziona il test del Poligrafo?<\/h3>\n[\/vc_column_text][vc_column_text css=&#8221;&#8221; text_direction=&#8221;default&#8221;]Il processo del test prevede diverse fasi, ognuna delle quali svolge un ruolo essenziale nel garantire l&#8217;accuratezza dei risultati:<\/p>\n<p><strong>1. Fase pre-test<\/strong><\/p>\n<ul>\n<li>Conoscere il cliente ed il contesto del test<\/li>\n<li>Spiegare il funzionamento del poligrafo<\/li>\n<li>Formulare le domande del test<\/li>\n<li>Firmare il protocollo del test<\/li>\n<\/ul>\n<p><strong>2. Fase In-Test (test effettivo)<\/strong><\/p>\n<ul>\n<li>Il test si svolge in <strong>un laboratorio specializzato<\/strong>, alla presenza soltanto dello specialista e della persona interessata<\/li>\n<li>Se richiesto, il test pu\u00f2 essere registrato <strong>solo con il consenso scritto<\/strong><\/li>\n<\/ul>\n<p><strong>3. Fase Post-Test (Test vero e proprio) <\/strong><\/p>\n<ul>\n<li>Comunicazione preliminare dei risultati del test<\/li>\n<\/ul>\n<p><strong>4. Analisi ed interpretazione dei dati <\/strong><\/p>\n<ul>\n<li>Lo specialista analizza in dettaglio i grafici poligrafici per determinare la veridicit\u00e0 delle risposte<\/li>\n<\/ul>\n<p><strong>5. Preparazione del referto tecnico-scientifico<\/strong><\/p>\n<ul>\n<li>Elaborazione di una relazione ufficiale con le conclusioni del test<\/li>\n<\/ul>\n[\/vc_column_text][\/vc_column_inner][\/vc_row_inner][vc_row_inner column_margin=&#8221;default&#8221; column_direction=&#8221;default&#8221; column_direction_tablet=&#8221;default&#8221; column_direction_phone=&#8221;default&#8221; text_align=&#8221;left&#8221; row_position=&#8221;default&#8221; row_position_tablet=&#8221;inherit&#8221; row_position_phone=&#8221;inherit&#8221; overflow=&#8221;visible&#8221; pointer_events=&#8221;all&#8221;][vc_column_inner bottom_padding_desktop=&#8221;8%&#8221; right_padding_desktop=&#8221;4%&#8221; bottom_padding_tablet=&#8221;8%&#8221; right_padding_tablet=&#8221;0%&#8221; bottom_padding_phone=&#8221;8%&#8221; right_padding_phone=&#8221;0%&#8221; column_element_direction_desktop=&#8221;default&#8221; column_element_spacing=&#8221;default&#8221; desktop_text_alignment=&#8221;default&#8221; tablet_text_alignment=&#8221;default&#8221; phone_text_alignment=&#8221;default&#8221; background_color_opacity=&#8221;1&#8243; background_hover_color_opacity=&#8221;1&#8243; column_backdrop_filter=&#8221;none&#8221; column_shadow=&#8221;none&#8221; column_border_radius=&#8221;none&#8221; column_link_target=&#8221;_self&#8221; overflow=&#8221;visible&#8221; gradient_direction=&#8221;left_to_right&#8221; overlay_strength=&#8221;0.3&#8243; width=&#8221;1\/2&#8243; tablet_width_inherit=&#8221;default&#8221; animation_type=&#8221;default&#8221; bg_image_animation=&#8221;none&#8221; border_type=&#8221;simple&#8221; column_border_width=&#8221;none&#8221; column_border_style=&#8221;solid&#8221; column_padding_type=&#8221;advanced&#8221; gradient_type=&#8221;default&#8221;][vc_column_text css=&#8221;&#8221; text_direction=&#8221;default&#8221;]\n<h3>A chi \u00e8 rivolto il test del poligrafo?<\/h3>\n[\/vc_column_text][vc_column_text css=&#8221;&#8221; text_direction=&#8221;default&#8221;]Il test del poligrafo pu\u00f2 essere utilizzato in <strong>diversi ambiti per verificare la veridicit\u00e0<\/strong>.<\/p>\n<p><strong>1. Indagini commerciali e aziendali<\/strong><\/p>\n<ul>\n<li>Individuazione di <strong>furti<\/strong> di beni aziendali<\/li>\n<li>Valutazione dell&#8217;<strong>onest\u00e0 dei partner commerciali<\/strong><\/li>\n<li>Identificazione di <strong>fughe di informazioni riservate<\/strong><\/li>\n<li>Indagini amministrative interne<\/li>\n<\/ul>\n<p><strong>2. Selezione e reclutamento<\/strong><\/p>\n<ul>\n<li>Controlli sull\u2019<strong>onest\u00e0 durante le assunzioni<\/strong><\/li>\n<li>Conferma dell&#8217;<strong>autenticit\u00e0 delle informazioni del CV<\/strong><\/li>\n<li><strong>Verifica dei candidati a posizioni dirigenziali<\/strong><\/li>\n<li>Valutazione periodica della <strong>fedelt\u00e0 dei dipendenti<\/strong><\/li>\n<\/ul>\n<p><strong>3. Fedelt\u00e0 di coppia<\/strong><\/p>\n<ul>\n<li>Verifica dei sospetti d\u2019<strong>infedelt\u00e0<\/strong><\/li>\n<li>Chiarimento dei rapporti di fiducia nelle relazioni di coppia<\/li>\n<\/ul>\n<p><strong>4. Assicurazioni, vendite e sport <\/strong><\/p>\n<ul>\n<li>Verifica dell&#8217;onest\u00e0 <strong>degli agenti di vendita ed assicurativi<\/strong><\/li>\n<li>Verifica di <strong>atleti ed allenatori<\/strong> in competizioni ufficiali<\/li>\n<\/ul>\n<p><strong>5. Altre situazioni che richiedono un rapido accertamento della verit\u00e0<\/strong><\/p>\n<ul>\n<li>Contenzioso e cause legali<\/li>\n<li>Verifica dei <strong>testimoni<\/strong> in cause legali<\/li>\n<li>Situazioni personali e professionali in cui la conferma della verit\u00e0 \u00e8 essenziale<\/li>\n<\/ul>\n[\/vc_column_text][\/vc_column_inner][vc_column_inner bottom_padding_desktop=&#8221;8%&#8221; left_padding_desktop=&#8221;8%&#8221; bottom_padding_tablet=&#8221;8%&#8221; left_padding_tablet=&#8221;0%&#8221; bottom_padding_phone=&#8221;8%&#8221; left_padding_phone=&#8221;0%&#8221; column_element_direction_desktop=&#8221;default&#8221; column_element_spacing=&#8221;default&#8221; desktop_text_alignment=&#8221;default&#8221; tablet_text_alignment=&#8221;default&#8221; phone_text_alignment=&#8221;default&#8221; background_color_opacity=&#8221;1&#8243; background_hover_color_opacity=&#8221;1&#8243; column_backdrop_filter=&#8221;none&#8221; column_shadow=&#8221;none&#8221; column_border_radius=&#8221;none&#8221; column_link_target=&#8221;_self&#8221; overflow=&#8221;visible&#8221; gradient_direction=&#8221;left_to_right&#8221; overlay_strength=&#8221;0.3&#8243; width=&#8221;1\/2&#8243; tablet_width_inherit=&#8221;default&#8221; animation_type=&#8221;default&#8221; bg_image_animation=&#8221;none&#8221; border_type=&#8221;simple&#8221; column_border_width=&#8221;none&#8221; column_border_style=&#8221;solid&#8221; column_padding_type=&#8221;advanced&#8221; gradient_type=&#8221;default&#8221;][vc_column_text css=&#8221;&#8221; text_direction=&#8221;default&#8221;]\n<h3>Perch\u00e9 scegliere il test del poligrafo presso la nostra clinica?<\/h3>\n[\/vc_column_text][vc_column_text css=&#8221;&#8221; text_direction=&#8221;default&#8221;]\n<ul>\n<li><strong>Apparecchiature all&#8217;avanguardia<\/strong> &#8211; <strong>utilizziamo il poligrafo LX 5000 (Lafayette, USA)<\/strong>, tecnologia utilizzata anche dalle agenzie governative<\/li>\n<li><strong>Specialisti certificati<\/strong> &#8211; i test vengono eseguiti e interpretati da esperti accreditati<\/li>\n<li><strong>Accuratezza e professionalit\u00e0<\/strong> &#8211; la nostra metodologia segue gli <strong>standard internazionali<\/strong> per l&#8217;accuratezza dei risultati<\/li>\n<li><strong>Riservatezza garantita <\/strong>&#8211; tutti i test vengono eseguiti in un ambiente sicuro, nel rispetto dei diritti della persona interessata<\/li>\n<li><strong>Rapida disponibilit\u00e0<\/strong> &#8211; i test possono essere programmati facilmente<\/li>\n<\/ul>\n<p>Se hai bisogno del test poligrafo (macchina della verit\u00e0) per chiarire una situazione importante, contattataci subito per un appuntamento.[\/vc_column_text][\/vc_column_inner][\/vc_row_inner][\/vc_column][\/vc_row]\n","protected":false},"excerpt":{"rendered":"<p>[vc_row type=&#8221;full_width_background&#8221; full_screen_row_position=&#8221;middle&#8221; column_margin=&#8221;default&#8221; column_direction=&#8221;default&#8221; column_direction_tablet=&#8221;default&#8221; column_direction_phone=&#8221;default&#8221; bg_color=&#8221;#f5f5f5&#8243; scene_position=&#8221;center&#8221; top_padding=&#8221;12%&#8221; text_color=&#8221;dark&#8221; text_align=&#8221;left&#8221; row_border_radius=&#8221;none&#8221; row_border_radius_applies=&#8221;bg&#8221; zindex=&#8221;20&#8243; overflow=&#8221;visible&#8221; enable_gradient=&#8221;true&#8221; color_overlay_2=&#8221;#6561b6&#8243; overlay_strength=&#8221;0.5&#8243; gradient_direction=&#8221;top_to_bottom&#8221; enable_shape_divider=&#8221;true&#8221; shape_divider_color=&#8221;#ffffff&#8221; shape_divider_position=&#8221;bottom&#8221; shape_divider_height=&#8221;20%&#8221; bg_image_animation=&#8221;none&#8221; video_mute=&#8221;true&#8221; shape_type=&#8221;curve&#8221; gradient_type=&#8221;default&#8221;][vc_column column_padding=&#8221;no-extra-padding&#8221; column_padding_tablet=&#8221;inherit&#8221;&#8230;<\/p>\n","protected":false},"author":1,"featured_media":0,"parent":0,"menu_order":0,"comment_status":"closed","ping_status":"closed","template":"","meta":{"footnotes":""},"class_list":["post-1937","page","type-page","status-publish"],"_links":{"self":[{"href":"https:\/\/completerehabplus.ro\/it\/wp-json\/wp\/v2\/pages\/1937","targetHints":{"allow":["GET"]}}],"collection":[{"href":"https:\/\/completerehabplus.ro\/it\/wp-json\/wp\/v2\/pages"}],"about":[{"href":"https:\/\/completerehabplus.ro\/it\/wp-json\/wp\/v2\/types\/page"}],"author":[{"embeddable":true,"href":"https:\/\/completerehabplus.ro\/it\/wp-json\/wp\/v2\/users\/1"}],"replies":[{"embeddable":true,"href":"https:\/\/completerehabplus.ro\/it\/wp-json\/wp\/v2\/comments?post=1937"}],"version-history":[{"count":4,"href":"https:\/\/completerehabplus.ro\/it\/wp-json\/wp\/v2\/pages\/1937\/revisions"}],"predecessor-version":[{"id":1942,"href":"https:\/\/completerehabplus.ro\/it\/wp-json\/wp\/v2\/pages\/1937\/revisions\/1942"}],"wp:attachment":[{"href":"https:\/\/completerehabplus.ro\/it\/wp-json\/wp\/v2\/media?parent=1937"}],"curies":[{"name":"wp","href":"https:\/\/api.w.org\/{rel}","templated":true}]}}